{"id":125,"date":"2017-07-06T18:49:06","date_gmt":"2017-07-06T18:49:06","guid":{"rendered":"https:\/\/divicoffee.divilife.site\/?page_id=4"},"modified":"2025-12-15T13:19:52","modified_gmt":"2025-12-15T12:19:52","slug":"home-4","status":"publish","type":"page","link":"https:\/\/weltcafe-wuppertal.de\/","title":{"rendered":"Home"},"content":{"rendered":"<p>[et_pb_section fb_built=&#8220;1&#8243; fullwidth=&#8220;on&#8220; _builder_version=&#8220;4.16&#8243; global_colors_info=&#8220;{}&#8220; da_is_popup=&#8220;off&#8220; da_exit_intent=&#8220;off&#8220; da_has_close=&#8220;on&#8220; da_alt_close=&#8220;off&#8220; da_dark_close=&#8220;off&#8220; da_not_modal=&#8220;on&#8220; da_is_singular=&#8220;off&#8220; da_with_loader=&#8220;off&#8220; da_has_shadow=&#8220;on&#8220; da_disable_devices=&#8220;off|off|off&#8220;][et_pb_fullwidth_header title=&#8220;Eine Welt &#8220; subhead=&#8220;Weltcafe in der Citykirche &#8220; text_orientation=&#8220;center&#8220; button_one_text=&#8220;Unsere Karte&#8220; button_one_url=&#8220;https:\/\/weltcafe-wuppertal.de\/index.php\/speisekarte\/&#8220; button_two_text=&#8220;Erfahre mehr&#8220; button_two_url=&#8220;https:\/\/weltcafe-wuppertal.de\/index.php\/ueber-uns\/&#8220; _builder_version=&#8220;4.20.0&#8243; title_font=&#8220;|300||on|||||&#8220; title_text_align=&#8220;center&#8220; title_font_size=&#8220;18px&#8220; title_letter_spacing=&#8220;6px&#8220; subhead_font=&#8220;|700||on|||||&#8220; subhead_font_size=&#8220;50px&#8220; subhead_letter_spacing=&#8220;2px&#8220; subhead_line_height=&#8220;1.3em&#8220; background_color=&#8220;rgba(0,0,0,0.21)&#8220; background_image=&#8220;https:\/\/weltcafe.klicknews.info\/wp-content\/uploads\/2022\/11\/CityKirche-Elberfeld-03032022_163023.jpg&#8220; background_blend=&#8220;soft-light&#8220; custom_button_one=&#8220;on&#8220; button_one_text_size=&#8220;14&#8243; button_one_text_color=&#8220;#ffffff&#8220; button_one_bg_color=&#8220;#eaba88&#8243; button_one_border_color=&#8220;#eaba88&#8243; button_one_letter_spacing=&#8220;2&#8243; button_one_font=&#8220;|||on|||||&#8220; button_one_use_icon=&#8220;off&#8220; custom_button_two=&#8220;on&#8220; button_two_text_size=&#8220;14&#8243; button_two_text_color=&#8220;#ffffff&#8220; button_two_border_color=&#8220;#ffffff&#8220; button_two_letter_spacing=&#8220;2&#8243; button_two_font=&#8220;|||on|||||&#8220; button_two_use_icon=&#8220;off&#8220; custom_padding=&#8220;150px||150px|&#8220; custom_padding_tablet=&#8220;120px||120px|&#8220; custom_padding_phone=&#8220;80px||80px|&#8220; custom_padding_last_edited=&#8220;on|phone&#8220; custom_css_title=&#8220;display:inline-block;||border-bottom:1px #fff solid;||margin-bottom: 40px;&#8220; custom_css_subtitle=&#8220;margin-bottom:50px;&#8220; custom_css_button_1=&#8220;padding:12px 35px!important;&#8220; custom_css_button_2=&#8220;padding:12px 35px!important;&#8220; button_one_text_color_hover=&#8220;#ffffff&#8220; button_one_border_color_hover=&#8220;#ffffff&#8220; button_two_border_color_hover=&#8220;#eaba88&#8243; button_one_letter_spacing_hover=&#8220;2&#8243; button_two_letter_spacing_hover=&#8220;2&#8243; button_one_bg_color_hover=&#8220;rgba(255,255,255,0)&#8220; button_two_bg_color_hover=&#8220;#eaba88&#8243; global_colors_info=&#8220;{}&#8220; button_one_text_size__hover_enabled=&#8220;off&#8220; button_two_text_size__hover_enabled=&#8220;off&#8220; button_one_text_color__hover_enabled=&#8220;on&#8220; button_one_text_color__hover=&#8220;#ffffff&#8220; button_two_text_color__hover_enabled=&#8220;off&#8220; button_one_border_width__hover_enabled=&#8220;off&#8220; button_two_border_width__hover_enabled=&#8220;off&#8220; button_one_border_color__hover_enabled=&#8220;on&#8220; button_one_border_color__hover=&#8220;#ffffff&#8220; button_two_border_color__hover_enabled=&#8220;on&#8220; button_two_border_color__hover=&#8220;#eaba88&#8243; button_one_border_radius__hover_enabled=&#8220;off&#8220; button_two_border_radius__hover_enabled=&#8220;off&#8220; button_one_letter_spacing__hover_enabled=&#8220;on&#8220; button_one_letter_spacing__hover=&#8220;2&#8243; button_two_letter_spacing__hover_enabled=&#8220;on&#8220; button_two_letter_spacing__hover=&#8220;2&#8243; button_one_bg_color__hover_enabled=&#8220;on&#8220; button_one_bg_color__hover=&#8220;rgba(255,255,255,0)&#8220; button_two_bg_color__hover_enabled=&#8220;on&#8220; button_two_bg_color__hover=&#8220;#eaba88&#8243;][\/et_pb_fullwidth_header][\/et_pb_section][et_pb_section fb_built=&#8220;1&#8243; module_id=&#8220;selling-points&#8220; _builder_version=&#8220;4.16&#8243; custom_padding=&#8220;||0px|&#8220; global_colors_info=&#8220;{}&#8220; da_is_popup=&#8220;off&#8220; da_exit_intent=&#8220;off&#8220; da_has_close=&#8220;on&#8220; da_alt_close=&#8220;off&#8220; da_dark_close=&#8220;off&#8220; da_not_modal=&#8220;on&#8220; da_is_singular=&#8220;off&#8220; da_with_loader=&#8220;off&#8220; da_has_shadow=&#8220;on&#8220; da_disable_devices=&#8220;off|off|off&#8220;][et_pb_row column_structure=&#8220;1_3,1_3,1_3&#8243; _builder_version=&#8220;4.16&#8243; background_size=&#8220;initial&#8220; background_position=&#8220;top_left&#8220; background_repeat=&#8220;repeat&#8220; global_colors_info=&#8220;{}&#8220;][et_pb_column type=&#8220;1_3&#8243; _builder_version=&#8220;4.16&#8243; custom_padding=&#8220;|||&#8220; global_colors_info=&#8220;{}&#8220; custom_padding__hover=&#8220;|||&#8220;][et_pb_image src=&#8220;https:\/\/weltcafe.klicknews.info\/wp-content\/uploads\/2022\/11\/beautiful-place.jpg&#8220; align_tablet=&#8220;center&#8220; align_phone=&#8220;center&#8220; align_last_edited=&#8220;on|desktop&#8220; _builder_version=&#8220;4.16&#8243; global_colors_info=&#8220;{}&#8220;][\/et_pb_image][et_pb_text _builder_version=&#8220;4.19.5&#8243; _dynamic_attributes=&#8220;link_option_url&#8220; header_3_font=&#8220;|600||on|||||&#8220; header_3_text_color=&#8220;#eaba88&#8243; header_3_font_size=&#8220;28px&#8220; header_3_letter_spacing=&#8220;2px&#8220; link_option_url=&#8220;@ET-DC@eyJkeW5hbWljIjp0cnVlLCJjb250ZW50IjoicG9zdF9saW5rX3VybF9wYWdlIiwic2V0dGluZ3MiOnsicG9zdF9pZCI6IjEyMCJ9fQ==@&#8220; global_colors_info=&#8220;{}&#8220;]<\/p>\n<h3>Beautiful Place<\/h3>\n<p>&#8222;Erlebe das Weltcaf\u00e9 in der Citykirche Wuppertal &#8211; ein Ort voller Begegnungen, Austausch und Engagement. Informiere dich \u00fcber aktuelle Themen, tausche dich mit Menschen aus aller Welt aus und setze dich f\u00fcr eine bessere Zukunft ein. Komm jetzt vorbei und sei Teil einer solidarischen Community!&#8220;<\/p>\n<p>[\/et_pb_text][\/et_pb_column][et_pb_column type=&#8220;1_3&#8243; _builder_version=&#8220;4.16&#8243; custom_padding=&#8220;|||&#8220; global_colors_info=&#8220;{}&#8220; custom_padding__hover=&#8220;|||&#8220;][et_pb_image src=&#8220;https:\/\/weltcafe.klicknews.info\/wp-content\/uploads\/2022\/11\/feel-coffee.jpg&#8220; align_tablet=&#8220;center&#8220; align_phone=&#8220;center&#8220; align_last_edited=&#8220;on|desktop&#8220; _builder_version=&#8220;4.16&#8243; global_colors_info=&#8220;{}&#8220;][\/et_pb_image][et_pb_text _builder_version=&#8220;4.19.5&#8243; header_3_font=&#8220;|600||on|||||&#8220; header_3_font_size=&#8220;28px&#8220; header_3_letter_spacing=&#8220;2px&#8220; header_3_line_height=&#8220;1.3em&#8220; global_colors_info=&#8220;{}&#8220;]<\/p>\n<h3>Feel the Coffee<\/h3>\n<p>&#8222;Feel the Coffee &#8211; Entdecke den Geschmack gerechter Kaffeekultur! Mit unseren fair gehandelten Kaffeebohnen schenken wir nicht nur dir, sondern auch den Kaffeeproduzenten eine bessere Zukunft. Probiere jetzt unsere vielf\u00e4ltigen Kaffeesorten und genie\u00dfe den vollen, ausgewogenen Geschmack.&#8220;<\/p>\n<p>[\/et_pb_text][\/et_pb_column][et_pb_column type=&#8220;1_3&#8243; _builder_version=&#8220;4.16&#8243; custom_padding=&#8220;|||&#8220; global_colors_info=&#8220;{}&#8220; custom_padding__hover=&#8220;|||&#8220;][et_pb_image src=&#8220;https:\/\/weltcafe.klicknews.info\/wp-content\/uploads\/2022\/11\/full-taste.jpg&#8220; align_tablet=&#8220;center&#8220; align_phone=&#8220;center&#8220; align_last_edited=&#8220;on|desktop&#8220; _builder_version=&#8220;4.16&#8243; global_colors_info=&#8220;{}&#8220;][\/et_pb_image][et_pb_text _builder_version=&#8220;4.19.5&#8243; header_3_font=&#8220;|600||on|||||&#8220; header_3_font_size=&#8220;28px&#8220; header_3_letter_spacing=&#8220;2px&#8220; global_colors_info=&#8220;{}&#8220;]<\/p>\n<h3>Full Taste<\/h3>\n<p>&#8222;Entdecke die Geschm\u00e4cker der Welt im Weltcaf\u00e9 in der Citykirche Wuppertal! Geniesse leckere und gesunde Gerichte aus der internationalen K\u00fcche, inklusive veganer, vegetarischer und fleischhaltiger Optionen. Probiere die sorgf\u00e4ltig ausgew\u00e4hlten Zutaten aus biologischem Anbau in einer gem\u00fctlichen Atmosph\u00e4re und erlebe die Vielfalt der Kulturen.&#8220;<\/p>\n<p>[\/et_pb_text][\/et_pb_column][\/et_pb_row][\/et_pb_section][et_pb_section fb_built=&#8220;1&#8243; _builder_version=&#8220;4.16&#8243; global_module=&#8220;103&#8243; global_colors_info=&#8220;{}&#8220; da_is_popup=&#8220;off&#8220; da_exit_intent=&#8220;off&#8220; da_has_close=&#8220;on&#8220; da_alt_close=&#8220;off&#8220; da_dark_close=&#8220;off&#8220; da_not_modal=&#8220;on&#8220; da_is_singular=&#8220;off&#8220; da_with_loader=&#8220;off&#8220; da_has_shadow=&#8220;on&#8220; da_disable_devices=&#8220;off|off|off&#8220;][et_pb_row column_structure=&#8220;1_2,1_2&#8243; use_custom_gutter=&#8220;on&#8220; gutter_width=&#8220;1&#8243; make_equal=&#8220;on&#8220; module_class=&#8220; et_pb_row_fullwidth&#8220; _builder_version=&#8220;4.19.5&#8243; width=&#8220;100%&#8220; width_tablet=&#8220;100%&#8220; width_phone=&#8220;&#8220; width_last_edited=&#8220;on|desktop&#8220; max_width=&#8220;100%&#8220; max_width_tablet=&#8220;100%&#8220; max_width_phone=&#8220;&#8220; max_width_last_edited=&#8220;on|desktop&#8220; make_fullwidth=&#8220;on&#8220; global_colors_info=&#8220;{}&#8220;][et_pb_column type=&#8220;1_2&#8243; module_id=&#8220;best-coffee&#8220; _builder_version=&#8220;4.19.4&#8243; background_image=&#8220;https:\/\/weltcafe.klicknews.info\/wp-content\/uploads\/2022\/11\/texture-bg-1.png&#8220; background_size=&#8220;initial&#8220; background_position=&#8220;bottom_left&#8220; custom_padding=&#8220;15%|10%|13.5%|0px&#8220; custom_padding_tablet=&#8220;0%|10%|5%|10%&#8220; custom_padding_phone=&#8220;&#8220; custom_padding_last_edited=&#8220;on|tablet&#8220; custom_css_main_element=&#8220;margin-left:15%;&#8220; global_colors_info=&#8220;{}&#8220; custom_padding__hover=&#8220;|||&#8220;][et_pb_text _builder_version=&#8220;4.19.4&#8243; header_2_font_size=&#8220;30px&#8220; header_2_letter_spacing=&#8220;2px&#8220; header_2_line_height=&#8220;1.3em&#8220; custom_padding=&#8220;||0px|||&#8220; global_colors_info=&#8220;{}&#8220;]<\/p>\n<h2 style=\"margin-bottom: 15px;\">Das WeltCaf\u00e9 in der CityKirche Wuppertal<\/h2>\n<h5>ist ein Ort der Begegnung und des Austauschs. Es ist ein offener Treffpunkt f\u00fcr Menschen jeden Alters und jeder Herkunft, die sich f\u00fcr Themen rund um die Welt und die Gesellschaft interessieren. Im Weltcaf\u00e9 k\u00f6nnen sich Besucher \u00fcber aktuelle Themen und globalen Herausforderungen informieren, sich in kleineren Gruppen oder in Gespr\u00e4chsrunden \u00fcber ihre Meinungen und Erfahrungen austauschen und sich auch an gemeinsamen Aktivit\u00e4ten beteiligen. Das Weltcaf\u00e9 in der Citykirche ist ein Ort der Solidarit\u00e4t und des Engagements, an dem sich Menschen f\u00fcr eine gerechtere und friedlichere Welt einsetzen k\u00f6nnen.<\/h5>\n<p>[\/et_pb_text][\/et_pb_column][et_pb_column type=&#8220;1_2&#8243; module_id=&#8220;img-switch&#8220; _builder_version=&#8220;4.19.5&#8243; background_image=&#8220;https:\/\/weltcafe.klicknews.info\/wp-content\/uploads\/2023\/02\/spagetti.jpg&#8220; parallax=&#8220;on&#8220; custom_padding=&#8220;|||&#8220; global_colors_info=&#8220;{}&#8220; custom_padding__hover=&#8220;|||&#8220;][et_pb_image src=&#8220;https:\/\/weltcafe-wuppertal.de\/wp-content\/uploads\/2023\/02\/spagetti.jpg&#8220; title_text=&#8220;spagetti&#8220; _builder_version=&#8220;4.20.0&#8243; _module_preset=&#8220;default&#8220; global_colors_info=&#8220;{}&#8220;][\/et_pb_image][\/et_pb_column][\/et_pb_row][et_pb_row column_structure=&#8220;1_2,1_2&#8243; use_custom_gutter=&#8220;on&#8220; gutter_width=&#8220;1&#8243; make_equal=&#8220;on&#8220; module_class=&#8220; et_pb_row_fullwidth&#8220; _builder_version=&#8220;4.19.5&#8243; width=&#8220;100%&#8220; width_tablet=&#8220;100%&#8220; width_phone=&#8220;&#8220; width_last_edited=&#8220;on|desktop&#8220; max_width=&#8220;100%&#8220; max_width_tablet=&#8220;100%&#8220; max_width_phone=&#8220;&#8220; max_width_last_edited=&#8220;on|desktop&#8220; make_fullwidth=&#8220;on&#8220; global_colors_info=&#8220;{}&#8220;][et_pb_column type=&#8220;1_2&#8243; module_id=&#8220;img-switch&#8220; _builder_version=&#8220;4.19.5&#8243; background_image=&#8220;https:\/\/weltcafe.klicknews.info\/wp-content\/uploads\/2023\/02\/weltcafewintersuppe.jpg&#8220; parallax=&#8220;on&#8220; custom_padding=&#8220;|||&#8220; global_colors_info=&#8220;{}&#8220; custom_padding__hover=&#8220;|||&#8220;][et_pb_image src=&#8220;https:\/\/weltcafe-wuppertal.de\/wp-content\/uploads\/2023\/02\/weltcafewintersuppe.jpg&#8220; title_text=&#8220;weltcafewintersuppe&#8220; _builder_version=&#8220;4.20.0&#8243; _module_preset=&#8220;default&#8220; global_colors_info=&#8220;{}&#8220;][\/et_pb_image][\/et_pb_column][et_pb_column type=&#8220;1_2&#8243; module_id=&#8220;best-coffee&#8220; _builder_version=&#8220;4.16&#8243; background_image=&#8220;https:\/\/weltcafe.klicknews.info\/wp-content\/uploads\/2022\/11\/texture-bg-1.png&#8220; background_size=&#8220;initial&#8220; background_position=&#8220;bottom_left&#8220; custom_padding=&#8220;15%|10%|13.5%|0px&#8220; custom_padding_tablet=&#8220;0%|10%|5%|10%&#8220; custom_padding_phone=&#8220;&#8220; custom_padding_last_edited=&#8220;on|tablet&#8220; custom_css_main_element=&#8220;margin-left:15%;&#8220; global_colors_info=&#8220;{}&#8220; custom_padding__hover=&#8220;|||&#8220;][et_pb_text _builder_version=&#8220;4.19.4&#8243; header_2_font_size=&#8220;30px&#8220; header_2_letter_spacing=&#8220;2px&#8220; header_2_line_height=&#8220;1.3em&#8220; global_colors_info=&#8220;{}&#8220;]<\/p>\n<h2 style=\"margin-bottom: 15px;\">Das WeltCaf\u00e9 in der CityKirche Wuppertal<\/h2>\n<h5>bietet eine Auswahl an leckeren und gesunden Gerichten aus der internationalen K\u00fcche. Die Speisekarte umfasst sowohl vegane,vegetarische als auch fleischhaltige Optionen und wird regelm\u00e4\u00dfig aktualisiert, um den G\u00e4sten immer wieder neue Geschmackserlebnisse zu bieten. Die Zutaten f\u00fcr die Gerichte werden sorgf\u00e4ltig ausgew\u00e4hlt und stammen gr\u00f6\u00dftenteils aus biologischem Anbau. Im Weltcafe in der CityKirche k\u00f6nnen G\u00e4ste in einer gem\u00fctlichen Atmosph\u00e4re essen und dabei die vielf\u00e4ltigen Kulturen der Welt entdecken.<\/h5>\n<p>[\/et_pb_text][\/et_pb_column][\/et_pb_row][et_pb_row column_structure=&#8220;1_2,1_2&#8243; use_custom_gutter=&#8220;on&#8220; gutter_width=&#8220;1&#8243; make_equal=&#8220;on&#8220; module_class=&#8220; et_pb_row_fullwidth&#8220; _builder_version=&#8220;4.19.5&#8243; width=&#8220;100%&#8220; width_tablet=&#8220;100%&#8220; width_phone=&#8220;&#8220; width_last_edited=&#8220;on|desktop&#8220; max_width=&#8220;100%&#8220; max_width_tablet=&#8220;100%&#8220; max_width_phone=&#8220;&#8220; max_width_last_edited=&#8220;on|desktop&#8220; make_fullwidth=&#8220;on&#8220; global_colors_info=&#8220;{}&#8220;][et_pb_column type=&#8220;1_2&#8243; module_id=&#8220;best-coffee&#8220; _builder_version=&#8220;4.16&#8243; background_image=&#8220;https:\/\/weltcafe.klicknews.info\/wp-content\/uploads\/2022\/11\/texture-bg-1.png&#8220; background_size=&#8220;initial&#8220; background_position=&#8220;bottom_left&#8220; custom_padding=&#8220;15%|10%|13.5%|0px&#8220; custom_padding_tablet=&#8220;0%|10%|5%|10%&#8220; custom_padding_phone=&#8220;&#8220; custom_padding_last_edited=&#8220;on|tablet&#8220; custom_css_main_element=&#8220;margin-left:15%;&#8220; global_colors_info=&#8220;{}&#8220; custom_padding__hover=&#8220;|||&#8220;][et_pb_text _builder_version=&#8220;4.19.4&#8243; header_2_font_size=&#8220;30px&#8220; header_2_letter_spacing=&#8220;2px&#8220; header_2_line_height=&#8220;1.3em&#8220; global_colors_info=&#8220;{}&#8220;]<\/p>\n<h2 style=\"margin-bottom: 15px;\">Doch damit nicht genug:<\/h2>\n<h5>Unser Catering-Service bietet auch exotische Gerichte f\u00fcr private und gesch\u00e4ftliche Anl\u00e4sse jeglicher Art. Von kleinen Geburtstagsfeiern bis hin zu gro\u00dfen Gala-Dinners sorgen wir f\u00fcr eine reibungslose Organisation und professionelle Durchf\u00fchrung Ihrer Veranstaltung. Unser Ziel ist es, Ihnen und Ihren G\u00e4sten eine kleine Auszeit vom stressigen Alltag zu bieten und einen Ort zum Wohlf\u00fchlen und Genie\u00dfen zu schaffen.<\/h5>\n<p>[\/et_pb_text][\/et_pb_column][et_pb_column type=&#8220;1_2&#8243; module_id=&#8220;img-switch&#8220; _builder_version=&#8220;4.19.5&#8243; background_image=&#8220;https:\/\/weltcafe.klicknews.info\/wp-content\/uploads\/2023\/02\/tim-meyer-GZzQAQyxACw-unsplash.jpg&#8220; parallax=&#8220;on&#8220; custom_padding=&#8220;|||&#8220; global_colors_info=&#8220;{}&#8220; custom_padding__hover=&#8220;|||&#8220;][et_pb_image src=&#8220;https:\/\/weltcafe-wuppertal.de\/wp-content\/uploads\/2023\/02\/tim-meyer-GZzQAQyxACw-unsplash.jpg&#8220; title_text=&#8220;tim-meyer-GZzQAQyxACw-unsplash&#8220; align_tablet=&#8220;center&#8220; align_phone=&#8220;&#8220; align_last_edited=&#8220;on|desktop&#8220; _builder_version=&#8220;4.20.0&#8243; global_colors_info=&#8220;{}&#8220;][\/et_pb_image][\/et_pb_column][\/et_pb_row][\/et_pb_section]<\/p>\n","protected":false},"excerpt":{"rendered":"<p>Beautiful Place &#8222;Erlebe das Weltcaf\u00e9 in der Citykirche Wuppertal &#8211; ein Ort voller Begegnungen, Austausch und Engagement. Informiere dich \u00fcber aktuelle Themen, tausche dich mit Menschen aus aller Welt aus und setze dich f\u00fcr eine bessere Zukunft ein. Komm jetzt vorbei und sei Teil einer solidarischen Community!&#8220;Feel the Coffee &#8222;Feel the Coffee &#8211; Entdecke den [&hellip;]<\/p>\n","protected":false},"author":3,"featured_media":0,"parent":0,"menu_order":0,"comment_status":"closed","ping_status":"closed","template":"","meta":{"_et_pb_use_builder":"on","_et_pb_old_content":"","_et_gb_content_width":"","footnotes":""},"class_list":["post-125","page","type-page","status-publish","hentry"],"yoast_head":"<!-- This site is optimized with the Yoast SEO plugin v27.3 - https:\/\/yoast.com\/product\/yoast-seo-wordpress\/ -->\n<title>Home - Weltcafe<\/title>\n<meta name=\"robots\" content=\"index, follow, max-snippet:-1, max-image-preview:large, max-video-preview:-1\" \/>\n<link rel=\"canonical\" href=\"https:\/\/weltcafe-wuppertal.de\/\" \/>\n<meta property=\"og:locale\" content=\"de_DE\" \/>\n<meta property=\"og:type\" content=\"article\" \/>\n<meta property=\"og:title\" content=\"Home - Weltcafe\" \/>\n<meta property=\"og:description\" content=\"Beautiful Place &quot;Erlebe das Weltcaf\u00e9 in der Citykirche Wuppertal - ein Ort voller Begegnungen, Austausch und Engagement. Informiere dich \u00fcber aktuelle Themen, tausche dich mit Menschen aus aller Welt aus und setze dich f\u00fcr eine bessere Zukunft ein. Komm jetzt vorbei und sei Teil einer solidarischen Community!&quot;Feel the Coffee &quot;Feel the Coffee - Entdecke den [&hellip;]\" \/>\n<meta property=\"og:url\" content=\"https:\/\/weltcafe-wuppertal.de\/\" \/>\n<meta property=\"og:site_name\" content=\"Weltcafe\" \/>\n<meta property=\"article:modified_time\" content=\"2025-12-15T12:19:52+00:00\" \/>\n<meta name=\"twitter:card\" content=\"summary_large_image\" \/>\n<meta name=\"twitter:label1\" content=\"Gesch\u00e4tzte Lesezeit\" \/>\n\t<meta name=\"twitter:data1\" content=\"5\u00a0Minuten\" \/>\n<script type=\"application\/ld+json\" class=\"yoast-schema-graph\">{\"@context\":\"https:\\\/\\\/schema.org\",\"@graph\":[{\"@type\":\"WebPage\",\"@id\":\"https:\\\/\\\/weltcafe-wuppertal.de\\\/\",\"url\":\"https:\\\/\\\/weltcafe-wuppertal.de\\\/\",\"name\":\"Home - Weltcafe\",\"isPartOf\":{\"@id\":\"https:\\\/\\\/weltcafe-wuppertal.de\\\/#website\"},\"datePublished\":\"2017-07-06T18:49:06+00:00\",\"dateModified\":\"2025-12-15T12:19:52+00:00\",\"breadcrumb\":{\"@id\":\"https:\\\/\\\/weltcafe-wuppertal.de\\\/#breadcrumb\"},\"inLanguage\":\"de\",\"potentialAction\":[{\"@type\":\"ReadAction\",\"target\":[\"https:\\\/\\\/weltcafe-wuppertal.de\\\/\"]}]},{\"@type\":\"BreadcrumbList\",\"@id\":\"https:\\\/\\\/weltcafe-wuppertal.de\\\/#breadcrumb\",\"itemListElement\":[{\"@type\":\"ListItem\",\"position\":1,\"name\":\"Startseite\",\"item\":\"https:\\\/\\\/weltcafe-wuppertal.de\\\/\"},{\"@type\":\"ListItem\",\"position\":2,\"name\":\"Home\"}]},{\"@type\":\"WebSite\",\"@id\":\"https:\\\/\\\/weltcafe-wuppertal.de\\\/#website\",\"url\":\"https:\\\/\\\/weltcafe-wuppertal.de\\\/\",\"name\":\"Weltcafe\",\"description\":\"WeltCafe in der Citykirche\",\"potentialAction\":[{\"@type\":\"SearchAction\",\"target\":{\"@type\":\"EntryPoint\",\"urlTemplate\":\"https:\\\/\\\/weltcafe-wuppertal.de\\\/?s={search_term_string}\"},\"query-input\":{\"@type\":\"PropertyValueSpecification\",\"valueRequired\":true,\"valueName\":\"search_term_string\"}}],\"inLanguage\":\"de\"}]}<\/script>\n<!-- \/ Yoast SEO plugin. -->","yoast_head_json":{"title":"Home - Weltcafe","robots":{"index":"index","follow":"follow","max-snippet":"max-snippet:-1","max-image-preview":"max-image-preview:large","max-video-preview":"max-video-preview:-1"},"canonical":"https:\/\/weltcafe-wuppertal.de\/","og_locale":"de_DE","og_type":"article","og_title":"Home - Weltcafe","og_description":"Beautiful Place \"Erlebe das Weltcaf\u00e9 in der Citykirche Wuppertal - ein Ort voller Begegnungen, Austausch und Engagement. Informiere dich \u00fcber aktuelle Themen, tausche dich mit Menschen aus aller Welt aus und setze dich f\u00fcr eine bessere Zukunft ein. Komm jetzt vorbei und sei Teil einer solidarischen Community!\"Feel the Coffee \"Feel the Coffee - Entdecke den [&hellip;]","og_url":"https:\/\/weltcafe-wuppertal.de\/","og_site_name":"Weltcafe","article_modified_time":"2025-12-15T12:19:52+00:00","twitter_card":"summary_large_image","twitter_misc":{"Gesch\u00e4tzte Lesezeit":"5\u00a0Minuten"},"schema":{"@context":"https:\/\/schema.org","@graph":[{"@type":"WebPage","@id":"https:\/\/weltcafe-wuppertal.de\/","url":"https:\/\/weltcafe-wuppertal.de\/","name":"Home - Weltcafe","isPartOf":{"@id":"https:\/\/weltcafe-wuppertal.de\/#website"},"datePublished":"2017-07-06T18:49:06+00:00","dateModified":"2025-12-15T12:19:52+00:00","breadcrumb":{"@id":"https:\/\/weltcafe-wuppertal.de\/#breadcrumb"},"inLanguage":"de","potentialAction":[{"@type":"ReadAction","target":["https:\/\/weltcafe-wuppertal.de\/"]}]},{"@type":"BreadcrumbList","@id":"https:\/\/weltcafe-wuppertal.de\/#breadcrumb","itemListElement":[{"@type":"ListItem","position":1,"name":"Startseite","item":"https:\/\/weltcafe-wuppertal.de\/"},{"@type":"ListItem","position":2,"name":"Home"}]},{"@type":"WebSite","@id":"https:\/\/weltcafe-wuppertal.de\/#website","url":"https:\/\/weltcafe-wuppertal.de\/","name":"Weltcafe","description":"WeltCafe in der Citykirche","potentialAction":[{"@type":"SearchAction","target":{"@type":"EntryPoint","urlTemplate":"https:\/\/weltcafe-wuppertal.de\/?s={search_term_string}"},"query-input":{"@type":"PropertyValueSpecification","valueRequired":true,"valueName":"search_term_string"}}],"inLanguage":"de"}]}},"_links":{"self":[{"href":"https:\/\/weltcafe-wuppertal.de\/index.php\/wp-json\/wp\/v2\/pages\/125","targetHints":{"allow":["GET"]}}],"collection":[{"href":"https:\/\/weltcafe-wuppertal.de\/index.php\/wp-json\/wp\/v2\/pages"}],"about":[{"href":"https:\/\/weltcafe-wuppertal.de\/index.php\/wp-json\/wp\/v2\/types\/page"}],"author":[{"embeddable":true,"href":"https:\/\/weltcafe-wuppertal.de\/index.php\/wp-json\/wp\/v2\/users\/3"}],"replies":[{"embeddable":true,"href":"https:\/\/weltcafe-wuppertal.de\/index.php\/wp-json\/wp\/v2\/comments?post=125"}],"version-history":[{"count":24,"href":"https:\/\/weltcafe-wuppertal.de\/index.php\/wp-json\/wp\/v2\/pages\/125\/revisions"}],"predecessor-version":[{"id":837,"href":"https:\/\/weltcafe-wuppertal.de\/index.php\/wp-json\/wp\/v2\/pages\/125\/revisions\/837"}],"wp:attachment":[{"href":"https:\/\/weltcafe-wuppertal.de\/index.php\/wp-json\/wp\/v2\/media?parent=125"}],"curies":[{"name":"wp","href":"https:\/\/api.w.org\/{rel}","templated":true}]}}