{"id":120,"date":"2018-07-09T14:04:07","date_gmt":"2018-07-09T14:04:07","guid":{"rendered":"https:\/\/divicoffee.divilife.site\/?page_id=101"},"modified":"2023-02-21T11:43:03","modified_gmt":"2023-02-21T10:43:03","slug":"ueber-uns","status":"publish","type":"page","link":"https:\/\/weltcafe-wuppertal.de\/index.php\/ueber-uns\/","title":{"rendered":"\u00dcber uns"},"content":{"rendered":"<p>[et_pb_section fb_built=&#8220;1&#8243; fullwidth=&#8220;on&#8220; _builder_version=&#8220;4.16&#8243; global_colors_info=&#8220;{}&#8220;][et_pb_fullwidth_header title=&#8220;\u00dcber uns&#8220; text_orientation=&#8220;center&#8220; _builder_version=&#8220;4.19.4&#8243; title_font=&#8220;|600||on|||||&#8220; title_text_align=&#8220;center&#8220; title_font_size=&#8220;45px&#8220; title_letter_spacing=&#8220;2px&#8220; content_font=&#8220;|300||on|||||&#8220; content_font_size=&#8220;22px&#8220; subhead_font=&#8220;|300||on|||||&#8220; subhead_font_size=&#8220;22px&#8220; subhead_letter_spacing=&#8220;2px&#8220; subhead_line_height=&#8220;1.3em&#8220; background_color=&#8220;rgba(0,0,0,0.43)&#8220; background_image=&#8220;https:\/\/weltcafe.klicknews.info\/wp-content\/uploads\/2022\/11\/CityKirche-Elberfeld-03032022_163555.jpg&#8220; background_blend=&#8220;soft-light&#8220; custom_button_one=&#8220;on&#8220; button_one_text_size=&#8220;14&#8243; button_one_text_color=&#8220;#ffffff&#8220; button_one_bg_color=&#8220;#eaba88&#8243; button_one_border_color=&#8220;#eaba88&#8243; button_one_letter_spacing=&#8220;2&#8243; button_one_font=&#8220;|||on|||||&#8220; button_one_use_icon=&#8220;off&#8220; custom_button_two=&#8220;on&#8220; button_two_text_size=&#8220;14&#8243; button_two_text_color=&#8220;#ffffff&#8220; button_two_border_color=&#8220;#ffffff&#8220; button_two_letter_spacing=&#8220;2&#8243; button_two_font=&#8220;|||on|||||&#8220; button_two_use_icon=&#8220;off&#8220; custom_padding=&#8220;150px||150px|&#8220; title_font_size_tablet=&#8220;&#8220; title_font_size_phone=&#8220;35px&#8220; title_font_size_last_edited=&#8220;on|phone&#8220; content_font_size_tablet=&#8220;&#8220; content_font_size_phone=&#8220;18px&#8220; content_font_size_last_edited=&#8220;on|phone&#8220; button_one_text_color_hover=&#8220;#ffffff&#8220; button_one_border_color_hover=&#8220;#ffffff&#8220; button_two_border_color_hover=&#8220;#eaba88&#8243; button_one_letter_spacing_hover=&#8220;2&#8243; button_two_letter_spacing_hover=&#8220;2&#8243; button_one_bg_color_hover=&#8220;rgba(255,255,255,0)&#8220; button_two_bg_color_hover=&#8220;#eaba88&#8243; global_colors_info=&#8220;{}&#8220; button_one_text_size__hover_enabled=&#8220;off&#8220; button_two_text_size__hover_enabled=&#8220;off&#8220; button_one_text_color__hover_enabled=&#8220;on&#8220; button_one_text_color__hover=&#8220;#ffffff&#8220; button_two_text_color__hover_enabled=&#8220;off&#8220; button_one_border_width__hover_enabled=&#8220;off&#8220; button_two_border_width__hover_enabled=&#8220;off&#8220; button_one_border_color__hover_enabled=&#8220;on&#8220; button_one_border_color__hover=&#8220;#ffffff&#8220; button_two_border_color__hover_enabled=&#8220;on&#8220; button_two_border_color__hover=&#8220;#eaba88&#8243; button_one_border_radius__hover_enabled=&#8220;off&#8220; button_two_border_radius__hover_enabled=&#8220;off&#8220; button_one_letter_spacing__hover_enabled=&#8220;on&#8220; button_one_letter_spacing__hover=&#8220;2&#8243; button_two_letter_spacing__hover_enabled=&#8220;on&#8220; button_two_letter_spacing__hover=&#8220;2&#8243; button_one_bg_color__hover_enabled=&#8220;on&#8220; button_one_bg_color__hover=&#8220;rgba(255,255,255,0)&#8220; button_two_bg_color__hover_enabled=&#8220;on&#8220; button_two_bg_color__hover=&#8220;#eaba88&#8243;]<\/p>\n<p>Home \/ <span style=\"color: #eaba88;\">\u00dcber Uns<\/span><\/p>\n<p>[\/et_pb_fullwidth_header][\/et_pb_section][et_pb_section fb_built=&#8220;1&#8243; _builder_version=&#8220;3.9&#8243; global_module=&#8220;103&#8243; global_colors_info=&#8220;{}&#8220;][et_pb_row column_structure=&#8220;1_2,1_2&#8243; use_custom_gutter=&#8220;on&#8220; gutter_width=&#8220;1&#8243; make_equal=&#8220;on&#8220; module_class=&#8220; et_pb_row_fullwidth&#8220; _builder_version=&#8220;4.19.5&#8243; width=&#8220;100%&#8220; width_tablet=&#8220;100%&#8220; width_phone=&#8220;&#8220; width_last_edited=&#8220;on|desktop&#8220; max_width=&#8220;100%&#8220; max_width_tablet=&#8220;100%&#8220; max_width_phone=&#8220;&#8220; max_width_last_edited=&#8220;on|desktop&#8220; make_fullwidth=&#8220;on&#8220; global_colors_info=&#8220;{}&#8220;][et_pb_column type=&#8220;1_2&#8243; module_id=&#8220;best-coffee&#8220; _builder_version=&#8220;4.19.4&#8243; background_image=&#8220;https:\/\/weltcafe.klicknews.info\/wp-content\/uploads\/2022\/11\/texture-bg-1.png&#8220; background_size=&#8220;initial&#8220; background_position=&#8220;bottom_left&#8220; custom_padding=&#8220;15%|10%|13.5%|0px&#8220; custom_padding_tablet=&#8220;0%|10%|5%|10%&#8220; custom_padding_phone=&#8220;&#8220; custom_padding_last_edited=&#8220;on|tablet&#8220; custom_css_main_element=&#8220;margin-left:15%;&#8220; global_colors_info=&#8220;{}&#8220; custom_padding__hover=&#8220;|||&#8220;][et_pb_text _builder_version=&#8220;4.19.4&#8243; header_2_font_size=&#8220;30px&#8220; header_2_letter_spacing=&#8220;2px&#8220; header_2_line_height=&#8220;1.3em&#8220; custom_padding=&#8220;||0px|||&#8220; global_colors_info=&#8220;{}&#8220;]<\/p>\n<h2 style=\"margin-bottom: 15px;\">Das WeltCaf\u00e9 in der CityKirche Wuppertal<\/h2>\n<h5>ist ein Ort der Begegnung und des Austauschs. Es ist ein offener Treffpunkt f\u00fcr Menschen jeden Alters und jeder Herkunft, die sich f\u00fcr Themen rund um die Welt und die Gesellschaft interessieren. Im Weltcaf\u00e9 k\u00f6nnen sich Besucher \u00fcber aktuelle Themen und globalen Herausforderungen informieren, sich in kleineren Gruppen oder in Gespr\u00e4chsrunden \u00fcber ihre Meinungen und Erfahrungen austauschen und sich auch an gemeinsamen Aktivit\u00e4ten beteiligen. Das Weltcaf\u00e9 in der Citykirche ist ein Ort der Solidarit\u00e4t und des Engagements, an dem sich Menschen f\u00fcr eine gerechtere und friedlichere Welt einsetzen k\u00f6nnen.<\/h5>\n<p>[\/et_pb_text][\/et_pb_column][et_pb_column type=&#8220;1_2&#8243; module_id=&#8220;img-switch&#8220; _builder_version=&#8220;4.19.5&#8243; background_image=&#8220;https:\/\/weltcafe.klicknews.info\/wp-content\/uploads\/2023\/02\/spagetti.jpg&#8220; parallax=&#8220;on&#8220; custom_padding=&#8220;|||&#8220; global_colors_info=&#8220;{}&#8220; custom_padding__hover=&#8220;|||&#8220;][\/et_pb_column][\/et_pb_row][et_pb_row column_structure=&#8220;1_2,1_2&#8243; use_custom_gutter=&#8220;on&#8220; gutter_width=&#8220;1&#8243; make_equal=&#8220;on&#8220; module_class=&#8220; et_pb_row_fullwidth&#8220; _builder_version=&#8220;4.19.5&#8243; width=&#8220;100%&#8220; width_tablet=&#8220;100%&#8220; width_phone=&#8220;&#8220; width_last_edited=&#8220;on|desktop&#8220; max_width=&#8220;100%&#8220; max_width_tablet=&#8220;100%&#8220; max_width_phone=&#8220;&#8220; max_width_last_edited=&#8220;on|desktop&#8220; make_fullwidth=&#8220;on&#8220; global_colors_info=&#8220;{}&#8220;][et_pb_column type=&#8220;1_2&#8243; module_id=&#8220;img-switch&#8220; _builder_version=&#8220;4.19.5&#8243; background_image=&#8220;https:\/\/weltcafe.klicknews.info\/wp-content\/uploads\/2023\/02\/weltcafewintersuppe.jpg&#8220; parallax=&#8220;on&#8220; custom_padding=&#8220;|||&#8220; global_colors_info=&#8220;{}&#8220; custom_padding__hover=&#8220;|||&#8220;][\/et_pb_column][et_pb_column type=&#8220;1_2&#8243; module_id=&#8220;best-coffee&#8220; _builder_version=&#8220;4.16&#8243; background_image=&#8220;https:\/\/weltcafe.klicknews.info\/wp-content\/uploads\/2022\/11\/texture-bg-1.png&#8220; background_size=&#8220;initial&#8220; background_position=&#8220;bottom_left&#8220; custom_padding=&#8220;15%|10%|13.5%|0px&#8220; custom_padding_tablet=&#8220;0%|10%|5%|10%&#8220; custom_padding_phone=&#8220;&#8220; custom_padding_last_edited=&#8220;on|tablet&#8220; custom_css_main_element=&#8220;margin-left:15%;&#8220; global_colors_info=&#8220;{}&#8220; custom_padding__hover=&#8220;|||&#8220;][et_pb_text _builder_version=&#8220;4.19.4&#8243; header_2_font_size=&#8220;30px&#8220; header_2_letter_spacing=&#8220;2px&#8220; header_2_line_height=&#8220;1.3em&#8220; global_colors_info=&#8220;{}&#8220;]<\/p>\n<h2 style=\"margin-bottom: 15px;\">Das WeltCaf\u00e9 in der CityKirche Wuppertal<\/h2>\n<h5>bietet eine Auswahl an leckeren und gesunden Gerichten aus der internationalen K\u00fcche. Die Speisekarte umfasst sowohl vegane,vegetarische als auch fleischhaltige Optionen und wird regelm\u00e4\u00dfig aktualisiert, um den G\u00e4sten immer wieder neue Geschmackserlebnisse zu bieten. Die Zutaten f\u00fcr die Gerichte werden sorgf\u00e4ltig ausgew\u00e4hlt und stammen gr\u00f6\u00dftenteils aus biologischem Anbau. Im Weltcafe in der CityKirche k\u00f6nnen G\u00e4ste in einer gem\u00fctlichen Atmosph\u00e4re essen und dabei die vielf\u00e4ltigen Kulturen der Welt entdecken.<\/h5>\n<p>[\/et_pb_text][\/et_pb_column][\/et_pb_row][et_pb_row column_structure=&#8220;1_2,1_2&#8243; use_custom_gutter=&#8220;on&#8220; gutter_width=&#8220;1&#8243; make_equal=&#8220;on&#8220; module_class=&#8220; et_pb_row_fullwidth&#8220; _builder_version=&#8220;4.19.5&#8243; width=&#8220;100%&#8220; width_tablet=&#8220;100%&#8220; width_phone=&#8220;&#8220; width_last_edited=&#8220;on|desktop&#8220; max_width=&#8220;100%&#8220; max_width_tablet=&#8220;100%&#8220; max_width_phone=&#8220;&#8220; max_width_last_edited=&#8220;on|desktop&#8220; make_fullwidth=&#8220;on&#8220; global_colors_info=&#8220;{}&#8220;][et_pb_column type=&#8220;1_2&#8243; module_id=&#8220;best-coffee&#8220; _builder_version=&#8220;4.16&#8243; background_image=&#8220;https:\/\/weltcafe.klicknews.info\/wp-content\/uploads\/2022\/11\/texture-bg-1.png&#8220; background_size=&#8220;initial&#8220; background_position=&#8220;bottom_left&#8220; custom_padding=&#8220;15%|10%|13.5%|0px&#8220; custom_padding_tablet=&#8220;0%|10%|5%|10%&#8220; custom_padding_phone=&#8220;&#8220; custom_padding_last_edited=&#8220;on|tablet&#8220; custom_css_main_element=&#8220;margin-left:15%;&#8220; global_colors_info=&#8220;{}&#8220; custom_padding__hover=&#8220;|||&#8220;][et_pb_text _builder_version=&#8220;4.19.4&#8243; header_2_font_size=&#8220;30px&#8220; header_2_letter_spacing=&#8220;2px&#8220; header_2_line_height=&#8220;1.3em&#8220; global_colors_info=&#8220;{}&#8220;]<\/p>\n<h2 style=\"margin-bottom: 15px;\">Doch damit nicht genug:<\/h2>\n<h5>Unser Catering-Service bietet auch exotische Gerichte f\u00fcr private und gesch\u00e4ftliche Anl\u00e4sse jeglicher Art. Von kleinen Geburtstagsfeiern bis hin zu gro\u00dfen Gala-Dinners sorgen wir f\u00fcr eine reibungslose Organisation und professionelle Durchf\u00fchrung Ihrer Veranstaltung. Unser Ziel ist es, Ihnen und Ihren G\u00e4sten eine kleine Auszeit vom stressigen Alltag zu bieten und einen Ort zum Wohlf\u00fchlen und Genie\u00dfen zu schaffen.<\/h5>\n<p>[\/et_pb_text][\/et_pb_column][et_pb_column type=&#8220;1_2&#8243; module_id=&#8220;img-switch&#8220; _builder_version=&#8220;4.19.5&#8243; background_image=&#8220;https:\/\/weltcafe.klicknews.info\/wp-content\/uploads\/2023\/02\/tim-meyer-GZzQAQyxACw-unsplash.jpg&#8220; parallax=&#8220;on&#8220; custom_padding=&#8220;|||&#8220; global_colors_info=&#8220;{}&#8220; custom_padding__hover=&#8220;|||&#8220;][et_pb_image src=&#8220;https:\/\/weltcafe-wuppertal.de\/wp-content\/uploads\/2023\/02\/tim-meyer-GZzQAQyxACw-unsplash.jpg&#8220; title_text=&#8220;tim-meyer-GZzQAQyxACw-unsplash&#8220; align_tablet=&#8220;center&#8220; align_phone=&#8220;&#8220; align_last_edited=&#8220;on|desktop&#8220; _builder_version=&#8220;4.20.0&#8243; global_colors_info=&#8220;{}&#8220;][\/et_pb_image][\/et_pb_column][\/et_pb_row][\/et_pb_section][et_pb_section fb_built=&#8220;1&#8243; custom_padding_last_edited=&#8220;on|tablet&#8220; _builder_version=&#8220;4.16&#8243; custom_padding=&#8220;|0px||0px&#8220; custom_padding_tablet=&#8220;0px|0px||0px&#8220; custom_padding_phone=&#8220;&#8220; global_colors_info=&#8220;{}&#8220;][et_pb_row column_structure=&#8220;1_4,1_2,1_4&#8243; _builder_version=&#8220;4.16&#8243; background_size=&#8220;initial&#8220; background_position=&#8220;top_left&#8220; background_repeat=&#8220;repeat&#8220; global_colors_info=&#8220;{}&#8220;][et_pb_column type=&#8220;1_4&#8243; _builder_version=&#8220;4.16&#8243; custom_padding=&#8220;|||&#8220; global_colors_info=&#8220;{}&#8220; custom_padding__hover=&#8220;|||&#8220;][\/et_pb_column][et_pb_column type=&#8220;1_2&#8243; _builder_version=&#8220;4.16&#8243; custom_padding=&#8220;|||&#8220; global_colors_info=&#8220;{}&#8220; custom_padding__hover=&#8220;|||&#8220;][et_pb_text _builder_version=&#8220;4.19.5&#8243; header_2_font=&#8220;|700||on|||||&#8220; header_2_font_size=&#8220;35px&#8220; header_2_letter_spacing=&#8220;2px&#8220; text_orientation=&#8220;center&#8220; global_colors_info=&#8220;{}&#8220;]<\/p>\n<h2>Die Leitung<\/h2>\n<p>[\/et_pb_text][\/et_pb_column][et_pb_column type=&#8220;1_4&#8243; _builder_version=&#8220;4.16&#8243; custom_padding=&#8220;|||&#8220; global_colors_info=&#8220;{}&#8220; custom_padding__hover=&#8220;|||&#8220;][\/et_pb_column][\/et_pb_row][et_pb_row _builder_version=&#8220;4.16&#8243; background_size=&#8220;initial&#8220; background_position=&#8220;top_left&#8220; background_repeat=&#8220;repeat&#8220; global_colors_info=&#8220;{}&#8220;][et_pb_column type=&#8220;4_4&#8243; _builder_version=&#8220;4.16&#8243; custom_padding=&#8220;|||&#8220; global_colors_info=&#8220;{}&#8220; custom_padding__hover=&#8220;|||&#8220;][et_pb_team_member name=&#8220;Biniam&#8220; position=&#8220;Gesch\u00e4ftsf\u00fchrer&#8220; image_url=&#8220;https:\/\/weltcafe.klicknews.info\/wp-content\/uploads\/2022\/11\/Biniam-Gebremedhin-480&#215;480-1.jpg&#8220; icon_color=&#8220;#eaba88&#8243; _builder_version=&#8220;4.19.5&#8243; header_font=&#8220;|600||on|||||&#8220; header_text_align=&#8220;center&#8220; header_font_size=&#8220;25&#8243; header_letter_spacing=&#8220;2px&#8220; body_text_align=&#8220;center&#8220; text_orientation=&#8220;center&#8220; custom_css_title=&#8220;padding-bottom: 5px;&#8220; custom_css_member_position=&#8220;font-size:16px;||text-transform:uppercase;||letter-spacing:2px;||color:#8f8e8e;||margin-bottom: 5px;&#8220; icon_hover_color=&#8220;#8f8e8e&#8220; global_colors_info=&#8220;{}&#8220; icon_color__hover=&#8220;#8f8e8e&#8220; icon_color__hover_enabled=&#8220;on&#8220;]<\/p>\n<p>Biniam Gebremedhin leitet das WeltCaf\u00e9. Gemeinsam mit seinem Team sorgt er f\u00fcr eine gute Atmosph\u00e4re und ein kulinarisches Erlebnis im WeltCaf\u00e9 der CityKirche.<\/p>\n<p>[\/et_pb_team_member][\/et_pb_column][\/et_pb_row][\/et_pb_section]<\/p>\n","protected":false},"excerpt":{"rendered":"<p>Home \/ \u00dcber UnsDas WeltCaf\u00e9 in der CityKirche Wuppertal ist ein Ort der Begegnung und des Austauschs. Es ist ein offener Treffpunkt f\u00fcr Menschen jeden Alters und jeder Herkunft, die sich f\u00fcr Themen rund um die Welt und die Gesellschaft interessieren. Im Weltcaf\u00e9 k\u00f6nnen sich Besucher \u00fcber aktuelle Themen und globalen Herausforderungen informieren, sich in [&hellip;]<\/p>\n","protected":false},"author":3,"featured_media":0,"parent":0,"menu_order":0,"comment_status":"closed","ping_status":"closed","template":"","meta":{"_et_pb_use_builder":"on","_et_pb_old_content":"[et_pb_section bb_built=\"1\"][et_pb_row][\/et_pb_row][\/et_pb_section]","_et_gb_content_width":"","footnotes":""},"class_list":["post-120","page","type-page","status-publish","hentry"],"yoast_head":"<!-- This site is optimized with the Yoast SEO plugin v27.4 - https:\/\/yoast.com\/product\/yoast-seo-wordpress\/ -->\n<title>\u00dcber uns - Weltcafe<\/title>\n<meta name=\"robots\" content=\"index, follow, max-snippet:-1, max-image-preview:large, max-video-preview:-1\" \/>\n<link rel=\"canonical\" href=\"https:\/\/weltcafe-wuppertal.de\/index.php\/ueber-uns\/\" \/>\n<meta property=\"og:locale\" content=\"de_DE\" \/>\n<meta property=\"og:type\" content=\"article\" \/>\n<meta property=\"og:title\" content=\"\u00dcber uns - Weltcafe\" \/>\n<meta property=\"og:description\" content=\"Home \/ \u00dcber UnsDas WeltCaf\u00e9 in der CityKirche Wuppertal ist ein Ort der Begegnung und des Austauschs. Es ist ein offener Treffpunkt f\u00fcr Menschen jeden Alters und jeder Herkunft, die sich f\u00fcr Themen rund um die Welt und die Gesellschaft interessieren. Im Weltcaf\u00e9 k\u00f6nnen sich Besucher \u00fcber aktuelle Themen und globalen Herausforderungen informieren, sich in [&hellip;]\" \/>\n<meta property=\"og:url\" content=\"https:\/\/weltcafe-wuppertal.de\/index.php\/ueber-uns\/\" \/>\n<meta property=\"og:site_name\" content=\"Weltcafe\" \/>\n<meta property=\"article:modified_time\" content=\"2023-02-21T10:43:03+00:00\" \/>\n<meta name=\"twitter:card\" content=\"summary_large_image\" \/>\n<meta name=\"twitter:label1\" content=\"Gesch\u00e4tzte Lesezeit\" \/>\n\t<meta name=\"twitter:data1\" content=\"7\u00a0Minuten\" \/>\n<script type=\"application\/ld+json\" class=\"yoast-schema-graph\">{\"@context\":\"https:\\\/\\\/schema.org\",\"@graph\":[{\"@type\":\"WebPage\",\"@id\":\"https:\\\/\\\/weltcafe-wuppertal.de\\\/index.php\\\/ueber-uns\\\/\",\"url\":\"https:\\\/\\\/weltcafe-wuppertal.de\\\/index.php\\\/ueber-uns\\\/\",\"name\":\"\u00dcber uns - Weltcafe\",\"isPartOf\":{\"@id\":\"https:\\\/\\\/weltcafe-wuppertal.de\\\/#website\"},\"datePublished\":\"2018-07-09T14:04:07+00:00\",\"dateModified\":\"2023-02-21T10:43:03+00:00\",\"breadcrumb\":{\"@id\":\"https:\\\/\\\/weltcafe-wuppertal.de\\\/index.php\\\/ueber-uns\\\/#breadcrumb\"},\"inLanguage\":\"de\",\"potentialAction\":[{\"@type\":\"ReadAction\",\"target\":[\"https:\\\/\\\/weltcafe-wuppertal.de\\\/index.php\\\/ueber-uns\\\/\"]}]},{\"@type\":\"BreadcrumbList\",\"@id\":\"https:\\\/\\\/weltcafe-wuppertal.de\\\/index.php\\\/ueber-uns\\\/#breadcrumb\",\"itemListElement\":[{\"@type\":\"ListItem\",\"position\":1,\"name\":\"Startseite\",\"item\":\"https:\\\/\\\/weltcafe-wuppertal.de\\\/\"},{\"@type\":\"ListItem\",\"position\":2,\"name\":\"\u00dcber uns\"}]},{\"@type\":\"WebSite\",\"@id\":\"https:\\\/\\\/weltcafe-wuppertal.de\\\/#website\",\"url\":\"https:\\\/\\\/weltcafe-wuppertal.de\\\/\",\"name\":\"Weltcafe\",\"description\":\"WeltCafe in der Citykirche\",\"potentialAction\":[{\"@type\":\"SearchAction\",\"target\":{\"@type\":\"EntryPoint\",\"urlTemplate\":\"https:\\\/\\\/weltcafe-wuppertal.de\\\/?s={search_term_string}\"},\"query-input\":{\"@type\":\"PropertyValueSpecification\",\"valueRequired\":true,\"valueName\":\"search_term_string\"}}],\"inLanguage\":\"de\"}]}<\/script>\n<!-- \/ Yoast SEO plugin. -->","yoast_head_json":{"title":"\u00dcber uns - Weltcafe","robots":{"index":"index","follow":"follow","max-snippet":"max-snippet:-1","max-image-preview":"max-image-preview:large","max-video-preview":"max-video-preview:-1"},"canonical":"https:\/\/weltcafe-wuppertal.de\/index.php\/ueber-uns\/","og_locale":"de_DE","og_type":"article","og_title":"\u00dcber uns - Weltcafe","og_description":"Home \/ \u00dcber UnsDas WeltCaf\u00e9 in der CityKirche Wuppertal ist ein Ort der Begegnung und des Austauschs. Es ist ein offener Treffpunkt f\u00fcr Menschen jeden Alters und jeder Herkunft, die sich f\u00fcr Themen rund um die Welt und die Gesellschaft interessieren. Im Weltcaf\u00e9 k\u00f6nnen sich Besucher \u00fcber aktuelle Themen und globalen Herausforderungen informieren, sich in [&hellip;]","og_url":"https:\/\/weltcafe-wuppertal.de\/index.php\/ueber-uns\/","og_site_name":"Weltcafe","article_modified_time":"2023-02-21T10:43:03+00:00","twitter_card":"summary_large_image","twitter_misc":{"Gesch\u00e4tzte Lesezeit":"7\u00a0Minuten"},"schema":{"@context":"https:\/\/schema.org","@graph":[{"@type":"WebPage","@id":"https:\/\/weltcafe-wuppertal.de\/index.php\/ueber-uns\/","url":"https:\/\/weltcafe-wuppertal.de\/index.php\/ueber-uns\/","name":"\u00dcber uns - Weltcafe","isPartOf":{"@id":"https:\/\/weltcafe-wuppertal.de\/#website"},"datePublished":"2018-07-09T14:04:07+00:00","dateModified":"2023-02-21T10:43:03+00:00","breadcrumb":{"@id":"https:\/\/weltcafe-wuppertal.de\/index.php\/ueber-uns\/#breadcrumb"},"inLanguage":"de","potentialAction":[{"@type":"ReadAction","target":["https:\/\/weltcafe-wuppertal.de\/index.php\/ueber-uns\/"]}]},{"@type":"BreadcrumbList","@id":"https:\/\/weltcafe-wuppertal.de\/index.php\/ueber-uns\/#breadcrumb","itemListElement":[{"@type":"ListItem","position":1,"name":"Startseite","item":"https:\/\/weltcafe-wuppertal.de\/"},{"@type":"ListItem","position":2,"name":"\u00dcber uns"}]},{"@type":"WebSite","@id":"https:\/\/weltcafe-wuppertal.de\/#website","url":"https:\/\/weltcafe-wuppertal.de\/","name":"Weltcafe","description":"WeltCafe in der Citykirche","potentialAction":[{"@type":"SearchAction","target":{"@type":"EntryPoint","urlTemplate":"https:\/\/weltcafe-wuppertal.de\/?s={search_term_string}"},"query-input":{"@type":"PropertyValueSpecification","valueRequired":true,"valueName":"search_term_string"}}],"inLanguage":"de"}]}},"_links":{"self":[{"href":"https:\/\/weltcafe-wuppertal.de\/index.php\/wp-json\/wp\/v2\/pages\/120","targetHints":{"allow":["GET"]}}],"collection":[{"href":"https:\/\/weltcafe-wuppertal.de\/index.php\/wp-json\/wp\/v2\/pages"}],"about":[{"href":"https:\/\/weltcafe-wuppertal.de\/index.php\/wp-json\/wp\/v2\/types\/page"}],"author":[{"embeddable":true,"href":"https:\/\/weltcafe-wuppertal.de\/index.php\/wp-json\/wp\/v2\/users\/3"}],"replies":[{"embeddable":true,"href":"https:\/\/weltcafe-wuppertal.de\/index.php\/wp-json\/wp\/v2\/comments?post=120"}],"version-history":[{"count":12,"href":"https:\/\/weltcafe-wuppertal.de\/index.php\/wp-json\/wp\/v2\/pages\/120\/revisions"}],"predecessor-version":[{"id":382,"href":"https:\/\/weltcafe-wuppertal.de\/index.php\/wp-json\/wp\/v2\/pages\/120\/revisions\/382"}],"wp:attachment":[{"href":"https:\/\/weltcafe-wuppertal.de\/index.php\/wp-json\/wp\/v2\/media?parent=120"}],"curies":[{"name":"wp","href":"https:\/\/api.w.org\/{rel}","templated":true}]}}