{"id":115,"date":"2018-07-09T16:22:58","date_gmt":"2018-07-09T16:22:58","guid":{"rendered":"https:\/\/divicoffee.divilife.site\/?page_id=107"},"modified":"2026-04-14T12:32:00","modified_gmt":"2026-04-14T10:32:00","slug":"speisekarte","status":"publish","type":"page","link":"https:\/\/weltcafe-wuppertal.de\/index.php\/speisekarte\/","title":{"rendered":"Speisekarte"},"content":{"rendered":"<p>[et_pb_section fb_built=&#8220;1&#8243; fullwidth=&#8220;on&#8220; _builder_version=&#8220;4.16&#8243; da_disable_devices=&#8220;off|off|off&#8220; global_colors_info=&#8220;{}&#8220; da_is_popup=&#8220;off&#8220; da_exit_intent=&#8220;off&#8220; da_has_close=&#8220;on&#8220; da_alt_close=&#8220;off&#8220; da_dark_close=&#8220;off&#8220; da_not_modal=&#8220;on&#8220; da_is_singular=&#8220;off&#8220; da_with_loader=&#8220;off&#8220; da_has_shadow=&#8220;on&#8220;][et_pb_fullwidth_header title=&#8220;Speisekarte&#8220; text_orientation=&#8220;center&#8220; _builder_version=&#8220;4.27.4&#8243; title_font=&#8220;|600||on|||||&#8220; title_text_align=&#8220;center&#8220; title_font_size=&#8220;45px&#8220; title_letter_spacing=&#8220;2px&#8220; content_font=&#8220;|300||on|||||&#8220; content_font_size=&#8220;22px&#8220; subhead_font=&#8220;|300||on|||||&#8220; subhead_font_size=&#8220;22px&#8220; subhead_letter_spacing=&#8220;2px&#8220; subhead_line_height=&#8220;1.3em&#8220; background_color=&#8220;rgba(0,0,0,0.21)&#8220; background_image=&#8220;https:\/\/weltcafe-wuppertal.de\/wp-content\/uploads\/2023\/02\/weltcafewintersuppe.jpg&#8220; background_blend=&#8220;soft-light&#8220; custom_button_one=&#8220;on&#8220; button_one_text_size=&#8220;14&#8243; button_one_text_color=&#8220;#ffffff&#8220; button_one_bg_color=&#8220;#eaba88&#8243; button_one_border_color=&#8220;#eaba88&#8243; button_one_letter_spacing=&#8220;2&#8243; button_one_font=&#8220;|||on|||||&#8220; button_one_use_icon=&#8220;off&#8220; custom_button_two=&#8220;on&#8220; button_two_text_size=&#8220;14&#8243; button_two_text_color=&#8220;#ffffff&#8220; button_two_border_color=&#8220;#ffffff&#8220; button_two_letter_spacing=&#8220;2&#8243; button_two_font=&#8220;|||on|||||&#8220; button_two_use_icon=&#8220;off&#8220; custom_padding=&#8220;150px||150px|&#8220; title_font_size_tablet=&#8220;&#8220; title_font_size_phone=&#8220;35px&#8220; title_font_size_last_edited=&#8220;on|phone&#8220; content_font_size_tablet=&#8220;&#8220; content_font_size_phone=&#8220;18px&#8220; content_font_size_last_edited=&#8220;on|phone&#8220; button_one_text_color_hover=&#8220;#ffffff&#8220; button_one_border_color_hover=&#8220;#ffffff&#8220; button_two_border_color_hover=&#8220;#eaba88&#8243; button_one_letter_spacing_hover=&#8220;2&#8243; button_two_letter_spacing_hover=&#8220;2&#8243; button_one_bg_color_hover=&#8220;rgba(255,255,255,0)&#8220; button_two_bg_color_hover=&#8220;#eaba88&#8243; global_colors_info=&#8220;{}&#8220; button_one_text_size__hover_enabled=&#8220;off&#8220; button_two_text_size__hover_enabled=&#8220;off&#8220; button_one_text_color__hover_enabled=&#8220;on&#8220; button_one_text_color__hover=&#8220;#ffffff&#8220; button_two_text_color__hover_enabled=&#8220;off&#8220; button_one_border_width__hover_enabled=&#8220;off&#8220; button_two_border_width__hover_enabled=&#8220;off&#8220; button_one_border_color__hover_enabled=&#8220;on&#8220; button_one_border_color__hover=&#8220;#ffffff&#8220; button_two_border_color__hover_enabled=&#8220;on&#8220; button_two_border_color__hover=&#8220;#eaba88&#8243; button_one_border_radius__hover_enabled=&#8220;off&#8220; button_two_border_radius__hover_enabled=&#8220;off&#8220; button_one_letter_spacing__hover_enabled=&#8220;on&#8220; button_one_letter_spacing__hover=&#8220;2&#8243; button_two_letter_spacing__hover_enabled=&#8220;on&#8220; button_two_letter_spacing__hover=&#8220;2&#8243; button_one_bg_color__hover_enabled=&#8220;on&#8220; button_one_bg_color__hover=&#8220;rgba(255,255,255,0)&#8220; button_two_bg_color__hover_enabled=&#8220;on&#8220; button_two_bg_color__hover=&#8220;#eaba88&#8243;]<\/p>\n<p>Home \/ <span style=\"color: #eaba88;\">Speisekarte<\/span><\/p>\n<p>[\/et_pb_fullwidth_header][\/et_pb_section][et_pb_section fb_built=&#8220;1&#8243; module_id=&#8220;coffee-flavours&#8220; _builder_version=&#8220;4.16&#8243; width=&#8220;99.9%&#8220; custom_margin=&#8220;||238px|||&#8220; custom_padding=&#8220;|1px|0px|0px||&#8220; da_disable_devices=&#8220;off|off|off&#8220; global_colors_info=&#8220;{}&#8220; da_is_popup=&#8220;off&#8220; da_exit_intent=&#8220;off&#8220; da_has_close=&#8220;on&#8220; da_alt_close=&#8220;off&#8220; da_dark_close=&#8220;off&#8220; da_not_modal=&#8220;on&#8220; da_is_singular=&#8220;off&#8220; da_with_loader=&#8220;off&#8220; da_has_shadow=&#8220;on&#8220;][et_pb_row custom_padding_last_edited=&#8220;on|phone&#8220; _builder_version=&#8220;4.16&#8243; custom_padding=&#8220;|0px||&#8220; custom_padding_tablet=&#8220;|0px|0px|&#8220; custom_padding_phone=&#8220;&#8220; global_colors_info=&#8220;{}&#8220;][et_pb_column type=&#8220;4_4&#8243; _builder_version=&#8220;4.16&#8243; custom_padding=&#8220;|||&#8220; global_colors_info=&#8220;{}&#8220; custom_padding__hover=&#8220;|||&#8220;][et_pb_text module_id=&#8220;section-headers&#8220; _builder_version=&#8220;4.19.4&#8243; text_orientation=&#8220;center&#8220; global_colors_info=&#8220;{}&#8220;]<\/p>\n<h2>Fr\u00fchst\u00fcck mit brot<\/h2>\n<p>[\/et_pb_text][\/et_pb_column][\/et_pb_row][et_pb_row column_structure=&#8220;1_2,1_2&#8243; use_custom_gutter=&#8220;on&#8220; gutter_width=&#8220;1&#8243; _builder_version=&#8220;4.16&#8243; global_colors_info=&#8220;{}&#8220;][et_pb_column type=&#8220;1_2&#8243; _builder_version=&#8220;4.16&#8243; custom_padding=&#8220;|5%||&#8220; custom_padding_tablet=&#8220;|0%||&#8220; custom_padding_phone=&#8220;|0%||&#8220; custom_padding_last_edited=&#8220;on|tablet&#8220; global_colors_info=&#8220;{}&#8220; custom_padding__hover=&#8220;|||&#8220;][et_pb_text module_id=&#8220;menu-item&#8220; _builder_version=&#8220;4.20.2&#8243; global_colors_info=&#8220;{}&#8220;]<\/p>\n<h3><strong>Standard Fr\u00fchst\u00fcck<\/strong><span>\u20ac9,90<\/span><\/h3>\n<p><em>K\u00e4se, Schinken, Marmelade und Butter.<\/em><br \/><em>Dazu ein Tasse Kaffee<\/em><\/p>\n<p>[\/et_pb_text][et_pb_text module_id=&#8220;menu-item&#8220; _builder_version=&#8220;4.20.2&#8243; custom_margin=&#8220;-27px||52px|||&#8220; global_colors_info=&#8220;{}&#8220;]<\/p>\n<h3>R\u00fcherei <span>\u20ac6,90<\/span><\/h3>\n<p>[\/et_pb_text][\/et_pb_column][et_pb_column type=&#8220;1_2&#8243; _builder_version=&#8220;4.16&#8243; custom_padding=&#8220;|||5%&#8220; custom_padding_tablet=&#8220;|||0%&#8220; custom_padding_phone=&#8220;|||0%&#8220; custom_padding_last_edited=&#8220;on|tablet&#8220; global_colors_info=&#8220;{}&#8220; custom_padding__hover=&#8220;|||&#8220;][et_pb_text module_id=&#8220;menu-item&#8220; _builder_version=&#8220;4.19.4&#8243; min_height=&#8220;228px&#8220; custom_margin=&#8220;-107px||9px|||&#8220; custom_padding=&#8220;99px||38px|||&#8220; global_colors_info=&#8220;{}&#8220;]<\/p>\n<h3><strong>Menemen <\/strong><span>\u20ac6,90<\/span><\/h3>\n<p><em>Menemen ist eine t\u00fcrkische Eierspeise, die in der Regel zum Fr\u00fchst\u00fcck oder an Sommertagen gegessen wird. Menemen enth\u00e4lt \u00fcblicherweise Eier, Tomaten, Paprika, Peperoni und Zwiebeln, au\u00dferdem Gew\u00fcrze wie Salz, Pul Biber, schwarzen und roten Pfeffer und Paprikapulver.<\/em><\/p>\n<p>[\/et_pb_text][\/et_pb_column][\/et_pb_row][et_pb_row custom_padding_last_edited=&#8220;on|phone&#8220; _builder_version=&#8220;4.16&#8243; custom_padding=&#8220;|0px||&#8220; custom_padding_tablet=&#8220;|0px|0px|&#8220; custom_padding_phone=&#8220;&#8220; global_colors_info=&#8220;{}&#8220;][et_pb_column type=&#8220;4_4&#8243; _builder_version=&#8220;4.16&#8243; custom_padding=&#8220;|||&#8220; global_colors_info=&#8220;{}&#8220; custom_padding__hover=&#8220;|||&#8220;][et_pb_text module_id=&#8220;section-headers&#8220; _builder_version=&#8220;4.22.1&#8243; text_orientation=&#8220;center&#8220; global_colors_info=&#8220;{}&#8220;]<\/p>\n<h2>Mittagstisch<\/h2>\n<p>[\/et_pb_text][\/et_pb_column][\/et_pb_row][et_pb_row column_structure=&#8220;1_2,1_2&#8243; use_custom_gutter=&#8220;on&#8220; gutter_width=&#8220;1&#8243; _builder_version=&#8220;4.16&#8243; custom_margin=&#8220;|auto|323px|auto||&#8220; global_colors_info=&#8220;{}&#8220;][et_pb_column type=&#8220;1_2&#8243; _builder_version=&#8220;4.16&#8243; custom_padding=&#8220;|5%||&#8220; custom_padding_tablet=&#8220;|0%||&#8220; custom_padding_phone=&#8220;|0%||&#8220; custom_padding_last_edited=&#8220;on|tablet&#8220; global_colors_info=&#8220;{}&#8220; custom_padding__hover=&#8220;|||&#8220;][et_pb_text module_id=&#8220;menu-item&#8220; _builder_version=&#8220;4.27.4&#8243; custom_margin=&#8220;||58px|||&#8220; global_colors_info=&#8220;{}&#8220;]<\/p>\n<h3><strong>Pfannkuchen<\/strong><span>\u20ac11,50\/ \u20ac11,00<\/span><\/h3>\n<h4 style=\"text-align: center;\"><em>NUR MONTAG UND SAMSTAG<\/em><\/h4>\n<p style=\"text-align: left;\"><em>\u00a0 \u00a0 <strong>\u00a0 \u00a0 &#8211; mit Speck und kl.Salat<\/strong><\/em><\/p>\n<p style=\"text-align: left;\"><strong><em>\u00a0 \u00a0 \u00a0 \u00a0 &#8211; mit Apfel und Zimt <\/em><\/strong><\/p>\n<p style=\"text-align: left;\"><em><\/em><\/p>\n<p>[\/et_pb_text][et_pb_text module_id=&#8220;menu-item&#8220; _builder_version=&#8220;4.27.4&#8243; min_height=&#8220;76.2px&#8220; custom_margin=&#8220;||44px|||&#8220; custom_padding=&#8220;15px|||||&#8220; global_colors_info=&#8220;{}&#8220;]<\/p>\n<h3><strong>Linsensuppe (Veg. &amp; Vegan)<\/strong><span>\u20ac7,50<\/span><span><\/span><\/h3>\n<p><strong><em>t\u00fcrkische Art<\/em><\/strong><\/p>\n<p>[\/et_pb_text][et_pb_text module_id=&#8220;menu-item&#8220; _builder_version=&#8220;4.27.5&#8243; min_height=&#8220;76.2px&#8220; custom_margin=&#8220;||44px|||&#8220; custom_padding=&#8220;15px|||||&#8220; hover_enabled=&#8220;0&#8243; global_colors_info=&#8220;{}&#8220; sticky_enabled=&#8220;0&#8243;]<\/p>\n<h3><strong>Fr\u00fchlingsalat<\/strong><span>\u20ac13,50<\/span><span><\/span><\/h3>\n<p><em><span class=\"a_GcMg font-feature-liga-off font-feature-clig-off font-feature-calt-off text-decoration-none text-strikethrough-none\">mit Grillk\u00e4se<\/span><\/em><\/p>\n<p>[\/et_pb_text][et_pb_text module_id=&#8220;menu-item&#8220; _builder_version=&#8220;4.27.4&#8243; custom_margin=&#8220;||56px|||&#8220; global_colors_info=&#8220;{}&#8220;]<\/p>\n<h3><strong>Kl. gemischter Salat<\/strong><span>\u20ac6,00<\/span><span><\/span><\/h3>\n<p>[\/et_pb_text][et_pb_text module_id=&#8220;menu-item&#8220; _builder_version=&#8220;4.27.4&#8243; custom_margin=&#8220;||39px|||&#8220; global_colors_info=&#8220;{}&#8220;]<\/p>\n<h3><strong>Linsengericht<\/strong><span>\u20ac12,00<\/span><span><\/span><\/h3>\n<p><strong><em>Salat aus Linsen, Tomaten, Paprika <\/em><em>Kr\u00e4uter und Hirtenk\u00e4se<\/em><\/strong><\/p>\n<p>[\/et_pb_text][et_pb_text module_id=&#8220;menu-item&#8220; _builder_version=&#8220;4.27.4&#8243; custom_margin=&#8220;||39px|||&#8220; global_colors_info=&#8220;{}&#8220;]<\/p>\n<h3><strong>Don Camillo &amp; Peppone <\/strong><span>\u20ac8,50<\/span><span><\/span><\/h3>\n<p><strong><em>ger\u00f6stetes Bauernbrot mit Rosmarin und Oliven\u00f6l, dazu Tomatenscheiben mit Mozzarella <\/em>(Veg.)<\/strong><\/p>\n<p>[\/et_pb_text][et_pb_text module_id=&#8220;menu-item&#8220; _builder_version=&#8220;4.24.0&#8243; custom_margin=&#8220;||56px|||&#8220; global_colors_info=&#8220;{}&#8220;]<\/p>\n<h3><strong>Quiche (Veg.)<\/strong><span>\u20ac12,90<\/span><span><\/span><\/h3>\n<p><strong><em>dazu kl. Salat <\/em><\/strong><\/p>\n<p>[\/et_pb_text][\/et_pb_column][et_pb_column type=&#8220;1_2&#8243; _builder_version=&#8220;4.16&#8243; custom_padding=&#8220;|||5%&#8220; custom_padding_tablet=&#8220;|||0%&#8220; custom_padding_phone=&#8220;|||0%&#8220; custom_padding_last_edited=&#8220;on|tablet&#8220; global_colors_info=&#8220;{}&#8220; custom_padding__hover=&#8220;|||&#8220;][et_pb_text module_id=&#8220;menu-item&#8220; _builder_version=&#8220;4.24.0&#8243; custom_margin=&#8220;||56px|||&#8220; custom_padding=&#8220;||8px|||&#8220; global_colors_info=&#8220;{}&#8220;]<\/p>\n<h3><strong>Aischah und Moshe (Vegan)<\/strong><span>\u20ac12,90<\/span><span><\/span><\/h3>\n<p><strong><em>Falafel mit Humus und kl. Beilagen Salat<\/em><\/strong><\/p>\n<p>[\/et_pb_text][et_pb_text module_id=&#8220;menu-item&#8220; _builder_version=&#8220;4.27.5&#8243; custom_margin=&#8220;||56px|||&#8220; custom_padding=&#8220;||8px|||&#8220; global_colors_info=&#8220;{}&#8220;]<\/p>\n<h3><strong>H\u00e4hnchen Gem\u00fcsepfanne<\/strong><span>\u20ac13,50<\/span><span><\/span><\/h3>\n<p><span>dazu Reis<\/span><span><\/span><\/p>\n<p>[\/et_pb_text][et_pb_text module_id=&#8220;menu-item&#8220; _builder_version=&#8220;4.27.5&#8243; custom_margin=&#8220;||56px|||&#8220; custom_padding=&#8220;||8px|||&#8220; hover_enabled=&#8220;0&#8243; global_colors_info=&#8220;{}&#8220; sticky_enabled=&#8220;0&#8243;]<\/p>\n<h3><strong>PAsta<\/strong><span>\u20ac12,50<\/span><span><\/span><span><\/span><\/h3>\n<p><em>hausgemachter B\u00e4rlauch Pesto und Hirtenk\u00e4se<\/em><\/p>\n<p>[\/et_pb_text][et_pb_text module_id=&#8220;menu-item&#8220; _builder_version=&#8220;4.27.5&#8243; custom_margin=&#8220;||56px|||&#8220; custom_padding=&#8220;||8px|||&#8220; hover_enabled=&#8220;0&#8243; global_colors_info=&#8220;{}&#8220; sticky_enabled=&#8220;0&#8243;]<\/p>\n<h3><span>Z U C C H I N I &#8211; M \u00d6 H R E N &#8211; R \u00d6 S T I\u20ac13,90<\/span><span><\/span><\/h3>\n<p><em>mit Joghurt-Dip<\/em><\/p>\n<p>[\/et_pb_text][et_pb_text module_id=&#8220;menu-item&#8220; _builder_version=&#8220;4.27.5&#8243; custom_margin=&#8220;||56px|||&#8220; custom_padding=&#8220;||8px|||&#8220; global_colors_info=&#8220;{}&#8220;]<\/p>\n<h3><strong>R O S E N K O H L &#8211; K A R T O F F E L A U F L A U F<\/strong><span>\u20ac13,50<\/span><span><\/span><\/h3>\n<p><em><strong>in Parmesan-Sahnesauce und Mozzarella \u00fcberbacken<\/strong><\/em><\/p>\n<p>[\/et_pb_text][et_pb_text module_id=&#8220;menu-item&#8220; _builder_version=&#8220;4.27.5&#8243; custom_margin=&#8220;||56px|||&#8220; custom_padding=&#8220;||8px|||&#8220; hover_enabled=&#8220;0&#8243; global_colors_info=&#8220;{}&#8220; sticky_enabled=&#8220;0&#8243;]<\/p>\n<h3><span>G R I E C H I S C H E\u00a0 M O U S S A K A &#8211; K L A S S I S C H -\u20ac13,90<\/span><span><\/span><\/h3>\n<p>&nbsp;<\/p>\n<p>[\/et_pb_text][et_pb_text module_id=&#8220;menu-item&#8220; _builder_version=&#8220;4.27.5&#8243; custom_margin=&#8220;||56px|||&#8220; custom_padding=&#8220;||8px|||&#8220; hover_enabled=&#8220;0&#8243; global_colors_info=&#8220;{}&#8220; sticky_enabled=&#8220;0&#8243;]<\/p>\n<h3><strong>Flammkuchen<\/strong><span>\u20ac13,00<\/span><span><\/span><\/h3>\n<p>mit Mozzarella-Tomaten und Rucola<\/p>\n<p>[\/et_pb_text][et_pb_text module_id=&#8220;menu-item&#8220; _builder_version=&#8220;4.27.5&#8243; custom_margin=&#8220;||56px|||&#8220; custom_padding=&#8220;||8px|||&#8220; hover_enabled=&#8220;0&#8243; global_colors_info=&#8220;{}&#8220; sticky_enabled=&#8220;0&#8243;]<\/p>\n<h3><strong>Nudelauflauf<\/strong><span>\u20ac13,90<\/span><span><\/span><\/h3>\n<p><em>mit Hackfleisch und Tomaten, Mozzarella \u00fcberbacken<\/em><\/p>\n<p>[\/et_pb_text][et_pb_text module_id=&#8220;section-headers&#8220; _builder_version=&#8220;4.24.0&#8243; text_orientation=&#8220;center&#8220; global_colors_info=&#8220;{}&#8220;]<\/p>\n<p><span style=\"color: #993300;\">Unseren hausgemachten Kuchen finden Sie in der<\/span><\/p>\n<p><span style=\"color: #993300;\">Kuchenvitrine! Bitte lassen Sie sich inspirieren oder<\/span><\/p>\n<p><span style=\"color: #993300;\">fragen Sie unser Servicepersonal.<\/span><\/p>\n<p>[\/et_pb_text][\/et_pb_column][\/et_pb_row][\/et_pb_section]<\/p>\n","protected":false},"excerpt":{"rendered":"<p>Home \/ SpeisekarteFr\u00fchst\u00fcck mit brotStandard Fr\u00fchst\u00fcck\u20ac9,90 K\u00e4se, Schinken, Marmelade und Butter.Dazu ein Tasse KaffeeR\u00fcherei \u20ac6,90Menemen \u20ac6,90 Menemen ist eine t\u00fcrkische Eierspeise, die in der Regel zum Fr\u00fchst\u00fcck oder an Sommertagen gegessen wird. Menemen enth\u00e4lt \u00fcblicherweise Eier, Tomaten, Paprika, Peperoni und Zwiebeln, au\u00dferdem Gew\u00fcrze wie Salz, Pul Biber, schwarzen und roten Pfeffer und Paprikapulver.MittagstischPfannkuchen\u20ac11,50\/ \u20ac11,00 NUR [&hellip;]<\/p>\n","protected":false},"author":3,"featured_media":0,"parent":0,"menu_order":0,"comment_status":"closed","ping_status":"closed","template":"","meta":{"_et_pb_use_builder":"on","_et_pb_old_content":"","_et_gb_content_width":"","footnotes":""},"class_list":["post-115","page","type-page","status-publish","hentry"],"yoast_head":"<!-- This site is optimized with the Yoast SEO plugin v27.4 - https:\/\/yoast.com\/product\/yoast-seo-wordpress\/ -->\n<title>Speisekarte - Weltcafe<\/title>\n<meta name=\"robots\" content=\"index, follow, max-snippet:-1, max-image-preview:large, max-video-preview:-1\" \/>\n<link rel=\"canonical\" href=\"https:\/\/weltcafe-wuppertal.de\/index.php\/speisekarte\/\" \/>\n<meta property=\"og:locale\" content=\"de_DE\" \/>\n<meta property=\"og:type\" content=\"article\" \/>\n<meta property=\"og:title\" content=\"Speisekarte - Weltcafe\" \/>\n<meta property=\"og:description\" content=\"Home \/ SpeisekarteFr\u00fchst\u00fcck mit brotStandard Fr\u00fchst\u00fcck\u20ac9,90 K\u00e4se, Schinken, Marmelade und Butter.Dazu ein Tasse KaffeeR\u00fcherei \u20ac6,90Menemen \u20ac6,90 Menemen ist eine t\u00fcrkische Eierspeise, die in der Regel zum Fr\u00fchst\u00fcck oder an Sommertagen gegessen wird. Menemen enth\u00e4lt \u00fcblicherweise Eier, Tomaten, Paprika, Peperoni und Zwiebeln, au\u00dferdem Gew\u00fcrze wie Salz, Pul Biber, schwarzen und roten Pfeffer und Paprikapulver.MittagstischPfannkuchen\u20ac11,50\/ \u20ac11,00 NUR [&hellip;]\" \/>\n<meta property=\"og:url\" content=\"https:\/\/weltcafe-wuppertal.de\/index.php\/speisekarte\/\" \/>\n<meta property=\"og:site_name\" content=\"Weltcafe\" \/>\n<meta property=\"article:modified_time\" content=\"2026-04-14T10:32:00+00:00\" \/>\n<meta name=\"twitter:card\" content=\"summary_large_image\" \/>\n<meta name=\"twitter:label1\" content=\"Gesch\u00e4tzte Lesezeit\" \/>\n\t<meta name=\"twitter:data1\" content=\"7\u00a0Minuten\" \/>\n<script type=\"application\/ld+json\" class=\"yoast-schema-graph\">{\"@context\":\"https:\\\/\\\/schema.org\",\"@graph\":[{\"@type\":\"WebPage\",\"@id\":\"https:\\\/\\\/weltcafe-wuppertal.de\\\/index.php\\\/speisekarte\\\/\",\"url\":\"https:\\\/\\\/weltcafe-wuppertal.de\\\/index.php\\\/speisekarte\\\/\",\"name\":\"Speisekarte - Weltcafe\",\"isPartOf\":{\"@id\":\"https:\\\/\\\/weltcafe-wuppertal.de\\\/#website\"},\"datePublished\":\"2018-07-09T16:22:58+00:00\",\"dateModified\":\"2026-04-14T10:32:00+00:00\",\"breadcrumb\":{\"@id\":\"https:\\\/\\\/weltcafe-wuppertal.de\\\/index.php\\\/speisekarte\\\/#breadcrumb\"},\"inLanguage\":\"de\",\"potentialAction\":[{\"@type\":\"ReadAction\",\"target\":[\"https:\\\/\\\/weltcafe-wuppertal.de\\\/index.php\\\/speisekarte\\\/\"]}]},{\"@type\":\"BreadcrumbList\",\"@id\":\"https:\\\/\\\/weltcafe-wuppertal.de\\\/index.php\\\/speisekarte\\\/#breadcrumb\",\"itemListElement\":[{\"@type\":\"ListItem\",\"position\":1,\"name\":\"Startseite\",\"item\":\"https:\\\/\\\/weltcafe-wuppertal.de\\\/\"},{\"@type\":\"ListItem\",\"position\":2,\"name\":\"Speisekarte\"}]},{\"@type\":\"WebSite\",\"@id\":\"https:\\\/\\\/weltcafe-wuppertal.de\\\/#website\",\"url\":\"https:\\\/\\\/weltcafe-wuppertal.de\\\/\",\"name\":\"Weltcafe\",\"description\":\"WeltCafe in der Citykirche\",\"potentialAction\":[{\"@type\":\"SearchAction\",\"target\":{\"@type\":\"EntryPoint\",\"urlTemplate\":\"https:\\\/\\\/weltcafe-wuppertal.de\\\/?s={search_term_string}\"},\"query-input\":{\"@type\":\"PropertyValueSpecification\",\"valueRequired\":true,\"valueName\":\"search_term_string\"}}],\"inLanguage\":\"de\"}]}<\/script>\n<!-- \/ Yoast SEO plugin. -->","yoast_head_json":{"title":"Speisekarte - Weltcafe","robots":{"index":"index","follow":"follow","max-snippet":"max-snippet:-1","max-image-preview":"max-image-preview:large","max-video-preview":"max-video-preview:-1"},"canonical":"https:\/\/weltcafe-wuppertal.de\/index.php\/speisekarte\/","og_locale":"de_DE","og_type":"article","og_title":"Speisekarte - Weltcafe","og_description":"Home \/ SpeisekarteFr\u00fchst\u00fcck mit brotStandard Fr\u00fchst\u00fcck\u20ac9,90 K\u00e4se, Schinken, Marmelade und Butter.Dazu ein Tasse KaffeeR\u00fcherei \u20ac6,90Menemen \u20ac6,90 Menemen ist eine t\u00fcrkische Eierspeise, die in der Regel zum Fr\u00fchst\u00fcck oder an Sommertagen gegessen wird. Menemen enth\u00e4lt \u00fcblicherweise Eier, Tomaten, Paprika, Peperoni und Zwiebeln, au\u00dferdem Gew\u00fcrze wie Salz, Pul Biber, schwarzen und roten Pfeffer und Paprikapulver.MittagstischPfannkuchen\u20ac11,50\/ \u20ac11,00 NUR [&hellip;]","og_url":"https:\/\/weltcafe-wuppertal.de\/index.php\/speisekarte\/","og_site_name":"Weltcafe","article_modified_time":"2026-04-14T10:32:00+00:00","twitter_card":"summary_large_image","twitter_misc":{"Gesch\u00e4tzte Lesezeit":"7\u00a0Minuten"},"schema":{"@context":"https:\/\/schema.org","@graph":[{"@type":"WebPage","@id":"https:\/\/weltcafe-wuppertal.de\/index.php\/speisekarte\/","url":"https:\/\/weltcafe-wuppertal.de\/index.php\/speisekarte\/","name":"Speisekarte - Weltcafe","isPartOf":{"@id":"https:\/\/weltcafe-wuppertal.de\/#website"},"datePublished":"2018-07-09T16:22:58+00:00","dateModified":"2026-04-14T10:32:00+00:00","breadcrumb":{"@id":"https:\/\/weltcafe-wuppertal.de\/index.php\/speisekarte\/#breadcrumb"},"inLanguage":"de","potentialAction":[{"@type":"ReadAction","target":["https:\/\/weltcafe-wuppertal.de\/index.php\/speisekarte\/"]}]},{"@type":"BreadcrumbList","@id":"https:\/\/weltcafe-wuppertal.de\/index.php\/speisekarte\/#breadcrumb","itemListElement":[{"@type":"ListItem","position":1,"name":"Startseite","item":"https:\/\/weltcafe-wuppertal.de\/"},{"@type":"ListItem","position":2,"name":"Speisekarte"}]},{"@type":"WebSite","@id":"https:\/\/weltcafe-wuppertal.de\/#website","url":"https:\/\/weltcafe-wuppertal.de\/","name":"Weltcafe","description":"WeltCafe in der Citykirche","potentialAction":[{"@type":"SearchAction","target":{"@type":"EntryPoint","urlTemplate":"https:\/\/weltcafe-wuppertal.de\/?s={search_term_string}"},"query-input":{"@type":"PropertyValueSpecification","valueRequired":true,"valueName":"search_term_string"}}],"inLanguage":"de"}]}},"_links":{"self":[{"href":"https:\/\/weltcafe-wuppertal.de\/index.php\/wp-json\/wp\/v2\/pages\/115","targetHints":{"allow":["GET"]}}],"collection":[{"href":"https:\/\/weltcafe-wuppertal.de\/index.php\/wp-json\/wp\/v2\/pages"}],"about":[{"href":"https:\/\/weltcafe-wuppertal.de\/index.php\/wp-json\/wp\/v2\/types\/page"}],"author":[{"embeddable":true,"href":"https:\/\/weltcafe-wuppertal.de\/index.php\/wp-json\/wp\/v2\/users\/3"}],"replies":[{"embeddable":true,"href":"https:\/\/weltcafe-wuppertal.de\/index.php\/wp-json\/wp\/v2\/comments?post=115"}],"version-history":[{"count":224,"href":"https:\/\/weltcafe-wuppertal.de\/index.php\/wp-json\/wp\/v2\/pages\/115\/revisions"}],"predecessor-version":[{"id":892,"href":"https:\/\/weltcafe-wuppertal.de\/index.php\/wp-json\/wp\/v2\/pages\/115\/revisions\/892"}],"wp:attachment":[{"href":"https:\/\/weltcafe-wuppertal.de\/index.php\/wp-json\/wp\/v2\/media?parent=115"}],"curies":[{"name":"wp","href":"https:\/\/api.w.org\/{rel}","templated":true}]}}